{"id":2675,"date":"2024-02-28T17:38:33","date_gmt":"2024-02-28T17:38:33","guid":{"rendered":"https:\/\/benigal.eu\/?post_type=product&#038;p=2675"},"modified":"2024-02-28T17:38:33","modified_gmt":"2024-02-28T17:38:33","slug":"ficha-conetor-rj45-cat-6","status":"publish","type":"product","link":"https:\/\/benigal.eu\/index.php\/product\/ficha-conetor-rj45-cat-6\/","title":{"rendered":"Ficha Conetor Rj45 Cat 6"},"content":{"rendered":"<p>Conectores RJ45 CAT 6 de alta qualidade: Termine sem esfor\u00e7o os cabos ethernet cat 6 com os nossos conectores el\u00e9tricos r\u00e1pidos rj45 de n\u00edvel profissional, garantindo uma transmiss\u00e3o de dados e uma conectividade ideais. Estes conectores de alicate rj45 cat 6 foram projetados para uma transmiss\u00e3o de sinal e durabilidade excepcionais. Perfeitamente adequado para usar com a ferramenta de alicate rj45.<\/p>\n<p>Conectores RJ45 de passo atr\u00e1s para encaixar facilmente: O design revolucion\u00e1rio da etapa destes conectores rj45 cat 6 simplifica o processo de termina\u00e7\u00e3o. Passe facilmente os cabos atrav\u00e9s do conector e crimpagem para obter uma conex\u00e3o segura e confi\u00e1vel, tornando-o perfeito para usar com cabo ethernet curto, cabo adsl, cabo ethernet longo e cabo dsl. Diga adeus aos cabos emaranhados e \u00e0s conex\u00f5es frustrantes.<\/p>\n<p>Conectores RJ45 amplamente compat\u00edveis: Ideais para dispositivos rj45, como cabos ethernet, cat6 e cat5, cabo adsl, etc., estes conectores rj45 cat 6 oferecem compatibilidade com uma variedade de tipos de cabos ethernet, oferecendo versatilidade para v\u00e1rios projetos de rede. Atualize a rede da sua casa ou escrit\u00f3rio com o pacote definitivo para um desempenho confi\u00e1vel e versatilidade!<\/p>\n<p>RJ45 CAT 6 ETHERNET Cabo de 8P8C duradouros: Fabricados com materiais resistentes, estes conectores el\u00e9tricos r\u00e1pidos rj45 cat 6 oferecem durabilidade duradoura, minimizam a perda de sinal e garantem um desempenho de rede constante.<\/p>\n","protected":false},"excerpt":{"rendered":"<p>Ficha para cabo de rede Internet &#8211; Wifi<\/p>\n","protected":false},"featured_media":2676,"template":"","meta":[],"product_cat":[58,55],"product_tag":[],"jetpack_sharing_enabled":true,"_links":{"self":[{"href":"https:\/\/benigal.eu\/index.php\/wp-json\/wp\/v2\/product\/2675"}],"collection":[{"href":"https:\/\/benigal.eu\/index.php\/wp-json\/wp\/v2\/product"}],"about":[{"href":"https:\/\/benigal.eu\/index.php\/wp-json\/wp\/v2\/types\/product"}],"wp:featuredmedia":[{"embeddable":true,"href":"https:\/\/benigal.eu\/index.php\/wp-json\/wp\/v2\/media\/2676"}],"wp:attachment":[{"href":"https:\/\/benigal.eu\/index.php\/wp-json\/wp\/v2\/media?parent=2675"}],"wp:term":[{"taxonomy":"product_cat","embeddable":true,"href":"https:\/\/benigal.eu\/index.php\/wp-json\/wp\/v2\/product_cat?post=2675"},{"taxonomy":"product_tag","embeddable":true,"href":"https:\/\/benigal.eu\/index.php\/wp-json\/wp\/v2\/product_tag?post=2675"}],"curies":[{"name":"wp","href":"https:\/\/api.w.org\/{rel}","templated":true}]}}