{"id":2683,"date":"2024-03-19T12:42:57","date_gmt":"2024-03-19T12:42:57","guid":{"rendered":"https:\/\/benigal.eu\/?post_type=product&#038;p=2683"},"modified":"2024-03-19T12:42:57","modified_gmt":"2024-03-19T12:42:57","slug":"monitor-hylogy-de-pressao-arterial-digital","status":"publish","type":"product","link":"https:\/\/benigal.eu\/index.php\/product\/monitor-hylogy-de-pressao-arterial-digital\/","title":{"rendered":"Monitor HYLOGY de press\u00e3o arterial digital"},"content":{"rendered":"<p>Monitor de press\u00e3o arterial de bra\u00e7o, monitor de press\u00e3o arterial digital autom\u00e1tico com tela grande de LED, dete\u00e7\u00e3o de arritmia irregular, manguito de 22-42 cm, mem\u00f3ria 2&#215;90 e USB recarreg\u00e1vel.<\/p>\n<p>O pacote inclui: monitor de press\u00e3o arterial de bra\u00e7o HYLOGY, bra\u00e7adeira ajust\u00e1vel com 22-42 cm, n\u00e3o inclui baterias e cabo de dados USB Tipo-c, 1 manual do usu\u00e1rio, 1 cart\u00e3o de garantia.<\/p>\n<p>Tela Led Grande: O desenho simples e elegante em preto, o \u00fanico display Led do mercado, executa o processamento digital avan\u00e7ado das leituras, tornando as leituras claras e completas mesmo \u00e0 noite ou no escuro. A tela grande pode exibir os indicadores de press\u00e3o arterial, pulso, dete\u00e7\u00e3o de arritmia e n\u00edvel de press\u00e3o arterial do Oms para ajudar os usu\u00e1rios a avaliar melhor a condi\u00e7\u00e3o da press\u00e3o arterial.<\/p>\n<p>O modo de usu\u00e1rio duplo pode ser usado por pelo menos dois membros da fam\u00edlia. Voc\u00ea pode armazenar 2 * 90 conjuntos de valores de mem\u00f3ria e calcular automaticamente a m\u00e9dia dos \u00faltimos tr\u00eas grupos de medi\u00e7\u00e3o. O dispositivo \u00e9 o seu &#8220;m\u00e9dico de fam\u00edlia&#8221; para ajud\u00e1-lo a monitorar sua sa\u00fade. As unidades alternam entre kPa e mmHg, Ligado para kPa e Desligado para mmHg, os usu\u00e1rios podem escolher e definir de acordo com suas prefer\u00eancias.<\/p>\n<p>O comprimento do manguito \u00e9 de 22-42 cm (8,6-16,5 polegadas), aten\u00e7\u00e3o aos detalhes, ajust\u00e1vel para se ajustar ao tamanho do bra\u00e7o de v\u00e1rias pessoas. Um bot\u00e3o de medi\u00e7\u00e3o, funcionalidade total, f\u00e1cil de usar. Colocamos as necessidades dos usu\u00e1rios em primeiro lugar e os produtos s\u00e3o atualizados com base nas necessidades dos nossos futuros clientes que os utilizar\u00e3o.<\/p>\n<p>Com dois modos de fonte de alimenta\u00e7\u00e3o, mais 4 baterias AAA \uff08As baterias n\u00e3o est\u00e3o inclu\u00eddas\uff09, voc\u00ea tamb\u00e9m pode usar o soquete USB TYPE-C no lado direito do produto para carregar, que \u00e9 conveniente e r\u00e1pido, voc\u00ea pode usar a qualquer hora, em qualquer lugar. Ele desliga automaticamente em 70 segundos sem opera\u00e7\u00e3o, tornando a experi\u00eancia mais segura e ecologicamente correta.<\/p>\n","protected":false},"excerpt":{"rendered":"<p>Ecr\u00e3 LCD Memoria Carregamento USB<\/p>\n","protected":false},"featured_media":2684,"template":"","meta":[],"product_cat":[62,63],"product_tag":[],"jetpack_sharing_enabled":true,"_links":{"self":[{"href":"https:\/\/benigal.eu\/index.php\/wp-json\/wp\/v2\/product\/2683"}],"collection":[{"href":"https:\/\/benigal.eu\/index.php\/wp-json\/wp\/v2\/product"}],"about":[{"href":"https:\/\/benigal.eu\/index.php\/wp-json\/wp\/v2\/types\/product"}],"wp:featuredmedia":[{"embeddable":true,"href":"https:\/\/benigal.eu\/index.php\/wp-json\/wp\/v2\/media\/2684"}],"wp:attachment":[{"href":"https:\/\/benigal.eu\/index.php\/wp-json\/wp\/v2\/media?parent=2683"}],"wp:term":[{"taxonomy":"product_cat","embeddable":true,"href":"https:\/\/benigal.eu\/index.php\/wp-json\/wp\/v2\/product_cat?post=2683"},{"taxonomy":"product_tag","embeddable":true,"href":"https:\/\/benigal.eu\/index.php\/wp-json\/wp\/v2\/product_tag?post=2683"}],"curies":[{"name":"wp","href":"https:\/\/api.w.org\/{rel}","templated":true}]}}