{"id":2694,"date":"2024-04-08T11:52:15","date_gmt":"2024-04-08T11:52:15","guid":{"rendered":"https:\/\/benigal.eu\/?post_type=product&#038;p=2694"},"modified":"2024-12-06T11:59:40","modified_gmt":"2024-12-06T11:59:40","slug":"fita-de-iluminacao-led-2-metros-rgb-5050","status":"publish","type":"product","link":"https:\/\/benigal.eu\/index.php\/product\/fita-de-iluminacao-led-2-metros-rgb-5050\/","title":{"rendered":"Fita de Ilumina\u00e7\u00e3o Led 2 metros RGB 5050"},"content":{"rendered":"<p>Retroilumina\u00e7\u00e3o LED de televis\u00e3o personalizada: tira de luz LED 5050 de 2 m para televis\u00e3o de 40 a 60 polegadas.<\/p>\n<p>Prote\u00e7\u00e3o ocular: brilho uniforme, sem reflexos, sem sombras, as luzes LED de televis\u00e3o podem melhorar a clareza da imagem e proteger melhor os olhos.<\/p>\n<p>Kit tudo em um: Plug and Play, n\u00e3o precisa de gastar tempo e dinheiro extra para comprar outros acess\u00f3rios.<\/p>\n<p>Controlo remoto com 24 teclas: 16 cores, 4 modos regul\u00e1veis. Dist\u00e2ncia de utiliza\u00e7\u00e3o do controlo de 6 a 8 m.<\/p>\n","protected":false},"excerpt":{"rendered":"<p>Tira LED TV, 2 m luzes LED decora\u00e7\u00e3o quarto, retroilumina\u00e7\u00e3o da TV RGB 5050 LED USB com aplica\u00e7\u00e3o e controlo remoto para TV de 40 a 55 polegadas, cinema em casa, cozinha, quarto, sala de estar.<\/p>\n","protected":false},"featured_media":2700,"template":"","meta":[],"product_cat":[62,55],"product_tag":[],"jetpack_sharing_enabled":true,"_links":{"self":[{"href":"https:\/\/benigal.eu\/index.php\/wp-json\/wp\/v2\/product\/2694"}],"collection":[{"href":"https:\/\/benigal.eu\/index.php\/wp-json\/wp\/v2\/product"}],"about":[{"href":"https:\/\/benigal.eu\/index.php\/wp-json\/wp\/v2\/types\/product"}],"wp:featuredmedia":[{"embeddable":true,"href":"https:\/\/benigal.eu\/index.php\/wp-json\/wp\/v2\/media\/2700"}],"wp:attachment":[{"href":"https:\/\/benigal.eu\/index.php\/wp-json\/wp\/v2\/media?parent=2694"}],"wp:term":[{"taxonomy":"product_cat","embeddable":true,"href":"https:\/\/benigal.eu\/index.php\/wp-json\/wp\/v2\/product_cat?post=2694"},{"taxonomy":"product_tag","embeddable":true,"href":"https:\/\/benigal.eu\/index.php\/wp-json\/wp\/v2\/product_tag?post=2694"}],"curies":[{"name":"wp","href":"https:\/\/api.w.org\/{rel}","templated":true}]}}