{"id":2701,"date":"2024-04-13T11:38:19","date_gmt":"2024-04-13T11:38:19","guid":{"rendered":"https:\/\/benigal.eu\/?post_type=product&#038;p=2701"},"modified":"2024-04-13T11:38:20","modified_gmt":"2024-04-13T11:38:20","slug":"dispensador-de-liquido-350-ml-automatico-com-sensor","status":"publish","type":"product","link":"https:\/\/benigal.eu\/index.php\/product\/dispensador-de-liquido-350-ml-automatico-com-sensor\/","title":{"rendered":"Dispensador de liquido 350 ml autom\u00e1tico com sensor"},"content":{"rendered":"<p>Dispensador de alcogel ou sab\u00e3o autom\u00e1tico com sensor Infravermelho<\/p>\n<p>Resistente em pl\u00e1stico ABS<\/p>\n<p>Fi\u00e1vel robusto higi\u00e9nico e pratico<\/p>\n<p>Ideal para balc\u00f5es, lojas ou outros s\u00edtios pois o mesmo \u00e9 port\u00e1til e de aspeto elegante.<\/p>\n<p>Poder\u00e1 ate mesmo por a entrada da sua casa ou estabelecimento.<\/p>\n<p>Pode tamb\u00e9m usar como dispensador de sab\u00e3o de lou\u00e7a, sab\u00e3o das m\u00e3os etc.<\/p>\n<p>Alimenta\u00e7\u00e3o a pilhas 4 x AA ( n\u00e3o inclu\u00edda)<\/p>\n<p>Capacidade do dep\u00f3sito at\u00e9 350 ml<\/p>\n<p>Ideal para restaurantes, hot\u00e9is alojamento locais, escrit\u00f3rios entre outras aplica\u00e7\u00f5es.<\/p>\n","protected":false},"excerpt":{"rendered":"<p>Dispensador de \u00e1lcool gel ou sab\u00e3o 350 ml autom\u00e1tico com sensor<\/p>\n","protected":false},"featured_media":2702,"template":"","meta":[],"product_cat":[62,63],"product_tag":[],"jetpack_sharing_enabled":true,"_links":{"self":[{"href":"https:\/\/benigal.eu\/index.php\/wp-json\/wp\/v2\/product\/2701"}],"collection":[{"href":"https:\/\/benigal.eu\/index.php\/wp-json\/wp\/v2\/product"}],"about":[{"href":"https:\/\/benigal.eu\/index.php\/wp-json\/wp\/v2\/types\/product"}],"wp:featuredmedia":[{"embeddable":true,"href":"https:\/\/benigal.eu\/index.php\/wp-json\/wp\/v2\/media\/2702"}],"wp:attachment":[{"href":"https:\/\/benigal.eu\/index.php\/wp-json\/wp\/v2\/media?parent=2701"}],"wp:term":[{"taxonomy":"product_cat","embeddable":true,"href":"https:\/\/benigal.eu\/index.php\/wp-json\/wp\/v2\/product_cat?post=2701"},{"taxonomy":"product_tag","embeddable":true,"href":"https:\/\/benigal.eu\/index.php\/wp-json\/wp\/v2\/product_tag?post=2701"}],"curies":[{"name":"wp","href":"https:\/\/api.w.org\/{rel}","templated":true}]}}