{"id":2710,"date":"2024-04-17T15:25:48","date_gmt":"2024-04-17T15:25:48","guid":{"rendered":"https:\/\/benigal.eu\/?post_type=product&#038;p=2710"},"modified":"2024-04-17T15:25:48","modified_gmt":"2024-04-17T15:25:48","slug":"kit-de-primeiros-socorros-supervivencia","status":"publish","type":"product","link":"https:\/\/benigal.eu\/index.php\/product\/kit-de-primeiros-socorros-supervivencia\/","title":{"rendered":"Kit de Primeiros Socorros Superviv\u00eancia"},"content":{"rendered":"<p>Dimens\u00f5es: 23 x 14 x 8,5 cm, peso 550g.<br \/>\nGrupo na Europa. Todos os produtos est\u00e3o em conformidade com os regulamentos da CE.<br \/>\nKit m\u00e9dico em nylon resistente e imperme\u00e1vel, de alta qualidade.<br \/>\nCom z\u00edper externo que permite uma abertura total da bolsa para facilitar o manuseio.<br \/>\n200 pe\u00e7as com longa vida \u00fatil bem organizada em bolsos de malha permitem adicionar mais<br \/>\nPequeno e leve, \u00f3timo para escrit\u00f3rio, carro, mochila, mochila, barco \u2026<\/p>\n<p>Lista do Kit:<br \/>\n1 x saco de gelo 100g. 1 x m\u00e1scara de RCP. 2 x cobertor de emerg\u00eancia<br \/>\n1 x cart\u00e3o de sabre de a\u00e7o inoxid\u00e1vel. 1 x pulseira multifuncional (ajust\u00e1vel)<br \/>\n1 x pederneira ao ar livre (100mm * 8mm). 30 x band-aid<br \/>\n2 x band-aid em forma de H. 2 x Band-aid \/ X<br \/>\n30 x comprimidos de \u00e1lcool. 4 x toalhetes anti corros\u00e3o<br \/>\n50 x Vara de algod\u00e3o. 20 x curativo redondo 1 x fita m\u00e9dica<br \/>\n1 x Bandagem (5cm * 4.5m). 1 x bandagem (7,5 cm * 4,5 m)<br \/>\n1 x curativo (6 * 7cm). 1 x curativo (6 * 10cm)<br \/>\n1 x fita. 4 x Chiffon (5 * 5cm)<br \/>\n1 x Chiffon (7.5 * 7.5cm). 1 x tesoura de cotovelo<br \/>\n4 x comprimidos para al\u00edvio da dor<br \/>\n1 x capa de chuva descart\u00e1vel<br \/>\n10 x alfinetes de seguran\u00e7a<br \/>\n1 x pin\u00e7a de a\u00e7o inoxid\u00e1vel<br \/>\n4 x toalhetes de sab\u00e3o (5 * 6cm)<br \/>\n1 x bandagem de queimadura (60 x 40cm)<br \/>\n1 x torniquete. 1 x Guia de Primeiros Socorros<br \/>\n4 x almofada de iodo (5 * 5cm)<br \/>\n1 x saco de armazenamento vermelho<br \/>\n1 x par de luvas (X) .1 x bast\u00e3o de luz ao ar livre<br \/>\n10 x Navalha. 1 x pasta antipir\u00e9tica<br \/>\n2 x toalha triangular<\/p>\n","protected":false},"excerpt":{"rendered":"<p>Kit primeiros socorros novo 200 pe\u00e7as, com gelo, cobertor de emerg\u00eancia, m\u00e1scara de RCP, ferramentas de sobreviv\u00eancia.<\/p>\n","protected":false},"featured_media":2712,"template":"","meta":[],"product_cat":[62,59,63],"product_tag":[],"jetpack_sharing_enabled":true,"_links":{"self":[{"href":"https:\/\/benigal.eu\/index.php\/wp-json\/wp\/v2\/product\/2710"}],"collection":[{"href":"https:\/\/benigal.eu\/index.php\/wp-json\/wp\/v2\/product"}],"about":[{"href":"https:\/\/benigal.eu\/index.php\/wp-json\/wp\/v2\/types\/product"}],"wp:featuredmedia":[{"embeddable":true,"href":"https:\/\/benigal.eu\/index.php\/wp-json\/wp\/v2\/media\/2712"}],"wp:attachment":[{"href":"https:\/\/benigal.eu\/index.php\/wp-json\/wp\/v2\/media?parent=2710"}],"wp:term":[{"taxonomy":"product_cat","embeddable":true,"href":"https:\/\/benigal.eu\/index.php\/wp-json\/wp\/v2\/product_cat?post=2710"},{"taxonomy":"product_tag","embeddable":true,"href":"https:\/\/benigal.eu\/index.php\/wp-json\/wp\/v2\/product_tag?post=2710"}],"curies":[{"name":"wp","href":"https:\/\/api.w.org\/{rel}","templated":true}]}}