{"id":2722,"date":"2024-04-18T14:57:14","date_gmt":"2024-04-18T14:57:14","guid":{"rendered":"https:\/\/benigal.eu\/?post_type=product&#038;p=2722"},"modified":"2024-04-18T14:57:33","modified_gmt":"2024-04-18T14:57:33","slug":"radio-portatil-phillips-tar2506-12-fm-mw-analogico","status":"publish","type":"product","link":"https:\/\/benigal.eu\/index.php\/product\/radio-portatil-phillips-tar2506-12-fm-mw-analogico\/","title":{"rendered":"R\u00e1dio port\u00e1til Phillips TAR2506\/12  FM\/MW anal\u00f3gico"},"content":{"rendered":"<p>Este r\u00e1dio port\u00e1til leve acende-se facilmente; basta deslizar a ruda de afina\u00e7\u00e3o ao longo da escala; a grande janela de ajuste de estilo tradicional permite ver quando atingiu a frequ\u00eancia desejada.<br \/>\nTom forte e claro, depois de encontrar a frequ\u00eancia mostrada na janela de ajuste, o som do r\u00e1dio \u00e9 claro; ajuste o volume na lateral como preferir; al\u00e9m disso, h\u00e1 uma porta para auriculares que lhe permite ouvir em particular<br \/>\nCom uma antena telesc\u00f3pica e um interruptor de montagem lateral, selecionar sinais de FM ou MW nunca foi t\u00e3o f\u00e1cil; este r\u00e1dio funciona com 2 x D; n\u00e3o \u00e9 necess\u00e1rio carreg\u00e1-lo.<br \/>\nDesenho simples e cl\u00e1ssico e pode ser transportado facilmente; deseja sair para caminhar ou fazer jardinagem; este r\u00e1dio de bolso \u00e9 uma \u00f3tima vers\u00e3o do r\u00e1dio cl\u00e1ssico; ou\u00e7a a sua esta\u00e7\u00e3o favorita com este r\u00e1dio port\u00e1til<\/p>\n<p>Guia de in\u00edcio r\u00e1pido; dimens\u00f5es: 210 mm x 14 mm x 66,3 mm (largura x altura x profundidade) peso 0,97 kg, bandas de sintonizador UKW e MW<\/p>\n<p>Fonte de alimenta\u00e7\u00e3o: Cabo el\u00e9trico \/ Pilhas 2 x D (n\u00e3o inclu\u00ed).<\/p>\n","protected":false},"excerpt":{"rendered":"<p>funciona com eletricidade ou pilhas, interiores e exteriores, design cl\u00e1ssico, preto 210 mm x 149 mm x 66,3 mm<\/p>\n","protected":false},"featured_media":2723,"template":"","meta":[],"product_cat":[62,55],"product_tag":[],"jetpack_sharing_enabled":true,"_links":{"self":[{"href":"https:\/\/benigal.eu\/index.php\/wp-json\/wp\/v2\/product\/2722"}],"collection":[{"href":"https:\/\/benigal.eu\/index.php\/wp-json\/wp\/v2\/product"}],"about":[{"href":"https:\/\/benigal.eu\/index.php\/wp-json\/wp\/v2\/types\/product"}],"wp:featuredmedia":[{"embeddable":true,"href":"https:\/\/benigal.eu\/index.php\/wp-json\/wp\/v2\/media\/2723"}],"wp:attachment":[{"href":"https:\/\/benigal.eu\/index.php\/wp-json\/wp\/v2\/media?parent=2722"}],"wp:term":[{"taxonomy":"product_cat","embeddable":true,"href":"https:\/\/benigal.eu\/index.php\/wp-json\/wp\/v2\/product_cat?post=2722"},{"taxonomy":"product_tag","embeddable":true,"href":"https:\/\/benigal.eu\/index.php\/wp-json\/wp\/v2\/product_tag?post=2722"}],"curies":[{"name":"wp","href":"https:\/\/api.w.org\/{rel}","templated":true}]}}