{"id":2738,"date":"2024-04-25T10:08:30","date_gmt":"2024-04-25T10:08:30","guid":{"rendered":"https:\/\/benigal.eu\/?post_type=product&#038;p=2738"},"modified":"2024-04-26T13:49:14","modified_gmt":"2024-04-26T13:49:14","slug":"serum-babaria-acido-hialuronico-30-ml","status":"publish","type":"product","link":"https:\/\/benigal.eu\/index.php\/product\/serum-babaria-acido-hialuronico-30-ml\/","title":{"rendered":"Serum babaria Acido Hialuronico 30 ml"},"content":{"rendered":"<p>Serum Acido Hialuronico 30ml &#8211; Vegano, Cruelty-Free, Org\u00e2nico ajuda a eliminar Rugas Hidrata\u00e7\u00e3o Suave E F\u00e1cil Absor\u00e7\u00e3o Para Rosto E Olhos.<\/p>\n<p>O s\u00e9rum faz com que a pele absorva a umidade preenchendo as rugas por dentro e alisando-as. Aqui est\u00e3o mais vantagens do nosso \u00e1cido Hialuronico: preenchido antirrugas imediato; melhora da textura geral da pele; efeitos antienvelhecimento de longo prazo.<\/p>\n<p>Indicado para peles oleosas, normais, secas, sens\u00edveis ou mistas. Pode ser combinado com um tratamento diurno ou noturno ou com um creme antirrugas.<\/p>\n<p>Alto teor de \u00e1cido Hialuronico, vegano, transparente, inodoro e impurezas Funciona sem problemas em qualquer tipo de pele: seca, oleosa, normal, sens\u00edvel.<\/p>\n","protected":false},"excerpt":{"rendered":"<p>Vegano Cuidado da pele e rosto<\/p>\n","protected":false},"featured_media":2739,"template":"","meta":[],"product_cat":[63],"product_tag":[],"jetpack_sharing_enabled":true,"_links":{"self":[{"href":"https:\/\/benigal.eu\/index.php\/wp-json\/wp\/v2\/product\/2738"}],"collection":[{"href":"https:\/\/benigal.eu\/index.php\/wp-json\/wp\/v2\/product"}],"about":[{"href":"https:\/\/benigal.eu\/index.php\/wp-json\/wp\/v2\/types\/product"}],"wp:featuredmedia":[{"embeddable":true,"href":"https:\/\/benigal.eu\/index.php\/wp-json\/wp\/v2\/media\/2739"}],"wp:attachment":[{"href":"https:\/\/benigal.eu\/index.php\/wp-json\/wp\/v2\/media?parent=2738"}],"wp:term":[{"taxonomy":"product_cat","embeddable":true,"href":"https:\/\/benigal.eu\/index.php\/wp-json\/wp\/v2\/product_cat?post=2738"},{"taxonomy":"product_tag","embeddable":true,"href":"https:\/\/benigal.eu\/index.php\/wp-json\/wp\/v2\/product_tag?post=2738"}],"curies":[{"name":"wp","href":"https:\/\/api.w.org\/{rel}","templated":true}]}}