{"id":2751,"date":"2024-04-25T10:18:13","date_gmt":"2024-04-25T10:18:13","guid":{"rendered":"https:\/\/benigal.eu\/?post_type=product&#038;p=2751"},"modified":"2024-05-02T11:45:38","modified_gmt":"2024-05-02T11:45:38","slug":"serum-babaria-retinol-30ml","status":"publish","type":"product","link":"https:\/\/benigal.eu\/index.php\/product\/serum-babaria-retinol-30ml\/","title":{"rendered":"Serum babaria Retinol 30ml"},"content":{"rendered":"<p>S\u00e9rum Retinol 30ml &#8211; Vegano, Cruelty-Free, Org\u00e2nico ajuda a eliminar Rugas Hidrata\u00e7\u00e3o Suave E F\u00e1cil Absor\u00e7\u00e3o Para Rosto E Olhos.<\/p>\n<p>O Retinol \u00e9 um grande aliado na redu\u00e7\u00e3o de rugas e linhas de express\u00e3o, tanto na regi\u00e3o facial quanto na \u00e1rea dos olhos. O ativo tem in\u00fameros benef\u00edcios para a pele, como renova\u00e7\u00e3o celular, redu\u00e7\u00e3o de rugas profundas e melhora da textura e firmeza da pele pelo est\u00edmulo da s\u00edntese de col\u00e1geno.<\/p>\n","protected":false},"excerpt":{"rendered":"<p>Vegano Cuidado da pele e rosto<\/p>\n","protected":false},"featured_media":2757,"template":"","meta":[],"product_cat":[63],"product_tag":[],"jetpack_sharing_enabled":true,"_links":{"self":[{"href":"https:\/\/benigal.eu\/index.php\/wp-json\/wp\/v2\/product\/2751"}],"collection":[{"href":"https:\/\/benigal.eu\/index.php\/wp-json\/wp\/v2\/product"}],"about":[{"href":"https:\/\/benigal.eu\/index.php\/wp-json\/wp\/v2\/types\/product"}],"wp:featuredmedia":[{"embeddable":true,"href":"https:\/\/benigal.eu\/index.php\/wp-json\/wp\/v2\/media\/2757"}],"wp:attachment":[{"href":"https:\/\/benigal.eu\/index.php\/wp-json\/wp\/v2\/media?parent=2751"}],"wp:term":[{"taxonomy":"product_cat","embeddable":true,"href":"https:\/\/benigal.eu\/index.php\/wp-json\/wp\/v2\/product_cat?post=2751"},{"taxonomy":"product_tag","embeddable":true,"href":"https:\/\/benigal.eu\/index.php\/wp-json\/wp\/v2\/product_tag?post=2751"}],"curies":[{"name":"wp","href":"https:\/\/api.w.org\/{rel}","templated":true}]}}