{"id":2774,"date":"2024-05-07T09:36:21","date_gmt":"2024-05-07T09:36:21","guid":{"rendered":"https:\/\/benigal.eu\/?post_type=product&#038;p=2774"},"modified":"2024-05-07T09:36:21","modified_gmt":"2024-05-07T09:36:21","slug":"canetas-pincel-com-tanque-de-agua-para-aquarelas-pack-de-3","status":"publish","type":"product","link":"https:\/\/benigal.eu\/index.php\/product\/canetas-pincel-com-tanque-de-agua-para-aquarelas-pack-de-3\/","title":{"rendered":"Canetas Pincel com tanque de Agua para aquarelas Pack de 3"},"content":{"rendered":"<p>Pack de 3: Small 4mm Medium 4mm Large 5mm<\/p>\n<p>F\u00e1cil de limpar as pontas dos pinc\u00e9is podem ser usadas, n\u00e3o precisam ser limpas com escovas e s\u00e3o \u00fateis, podem ser transportadas com esbo\u00e7os ao ar livre.<\/p>\n<p>Caneta de aguarela para aguarela, l\u00e1pis de cor sol\u00favel em \u00e1gua, tinta de aguarela, tinta a cores ou em forma.<\/p>\n<p>Basta colocar a aguarela no tanque e pressionar suavemente o suporte para l\u00e1pis para que o cabo tenha controlo total sobre a \u00e1gua\/tinta. S\u00e3o ideais para criar diferentes t\u00e9cnicas de aguarela e desfrutar da mistura e mistura de aguarelas.<\/p>\n<p>Os pinc\u00e9is de 3 pe\u00e7as oferecem in\u00fameras possibilidades para as habilidades e os efeitos que os artistas podem alcan\u00e7ar ao criar aguarelas.<\/p>\n<p>Crian\u00e7a perfeita Uma caneta de aguarela ecol\u00f3gica pode ser desenhada na quantidade m\u00ednima de \u00e1gua, n\u00e3o se preocupe com a contamina\u00e7\u00e3o da tinta. \u00c9 um exerc\u00edcio perfeito para crian\u00e7as.<\/p>\n","protected":false},"excerpt":{"rendered":"<p>canetas de pincel de \u00e1gua com tanque de \u00e1gua recarreg\u00e1vel Pack de 3<\/p>\n","protected":false},"featured_media":2775,"template":"","meta":[],"product_cat":[15,60],"product_tag":[],"jetpack_sharing_enabled":true,"_links":{"self":[{"href":"https:\/\/benigal.eu\/index.php\/wp-json\/wp\/v2\/product\/2774"}],"collection":[{"href":"https:\/\/benigal.eu\/index.php\/wp-json\/wp\/v2\/product"}],"about":[{"href":"https:\/\/benigal.eu\/index.php\/wp-json\/wp\/v2\/types\/product"}],"wp:featuredmedia":[{"embeddable":true,"href":"https:\/\/benigal.eu\/index.php\/wp-json\/wp\/v2\/media\/2775"}],"wp:attachment":[{"href":"https:\/\/benigal.eu\/index.php\/wp-json\/wp\/v2\/media?parent=2774"}],"wp:term":[{"taxonomy":"product_cat","embeddable":true,"href":"https:\/\/benigal.eu\/index.php\/wp-json\/wp\/v2\/product_cat?post=2774"},{"taxonomy":"product_tag","embeddable":true,"href":"https:\/\/benigal.eu\/index.php\/wp-json\/wp\/v2\/product_tag?post=2774"}],"curies":[{"name":"wp","href":"https:\/\/api.w.org\/{rel}","templated":true}]}}