{"id":2825,"date":"2024-08-08T10:15:36","date_gmt":"2024-08-08T10:15:36","guid":{"rendered":"https:\/\/benigal.eu\/?post_type=product&#038;p=2825"},"modified":"2024-08-08T10:15:36","modified_gmt":"2024-08-08T10:15:36","slug":"auriculares-sem-fio-ikt-bluetooth-com-power-bank","status":"publish","type":"product","link":"https:\/\/benigal.eu\/index.php\/product\/auriculares-sem-fio-ikt-bluetooth-com-power-bank\/","title":{"rendered":"Auriculares sem fio IKT Bluetooth com Power Bank"},"content":{"rendered":"<p>Ecr\u00e3 LED de carregamento que mostra com precis\u00e3o o n\u00edvel da bateria tanto do compartimento de carregamento como dos auriculares Bluetooth.<\/p>\n<p>50 horas de reprodu\u00e7\u00e3o, t\u00eam uma dura\u00e7\u00e3o de bateria \u00fanica de 8 horas, e o compartimento de carga oferece 50 horas adicionais de uso.<\/p>\n<p>Auriculares sem fios com diafragma de grafeno de 14,2 mm para 85% mais graves e auscultadores sem fios bluetooth com microfone duplo h\u00edbrido ENC que cancela passivamente 90% do ru\u00eddo de fundo para chamadas mais n\u00edtidas.<\/p>\n<p>Os auriculares s\u00e3o ergon\u00f3micos, dispersam 45% da press\u00e3o para um ajuste confort\u00e1vel que se adapta a 99% do canal auditivo, os auriculares sem fios desportivos apresentam a tecnologia de nanorrevestimento IP7 para isolar os componentes dos danos causados pela humidade do ar.<\/p>\n<p>Ap\u00f3s a conex\u00e3o inicial, remova os auriculares no ouvido e eles se conectar\u00e3o automaticamente ao seu dispositivo.<\/p>\n<p>Controlo t\u00e1ctil inteligente com ampla compatibilidade: Com um design de controlo t\u00e1til inteligente, \u00e9 f\u00e1cil de manusear sem pegar o telem\u00f3vel. Os capacetes sem fios bluetooth emparelham facilmente com uma grande variedade de dispositivos Bluetooth sem se preocupar com problemas de compatibilidade. Inclu\u00eddos iOS\/Android, tablets e computadores port\u00e1teis.<\/p>\n","protected":false},"excerpt":{"rendered":"<p>Auriculares Bluetooth 5.3, 4 Mic com redu\u00e7\u00e3o de ru\u00eddo ENC, 50H com graves, capacetes sem fios Bluetooth IP7 imperme\u00e1vel, carregamento r\u00e1pido USB-C, ajuste confort\u00e1vel [Classe energ\u00e9tica A+++]<\/p>\n","protected":false},"featured_media":2826,"template":"","meta":[],"product_cat":[55],"product_tag":[],"jetpack_sharing_enabled":true,"_links":{"self":[{"href":"https:\/\/benigal.eu\/index.php\/wp-json\/wp\/v2\/product\/2825"}],"collection":[{"href":"https:\/\/benigal.eu\/index.php\/wp-json\/wp\/v2\/product"}],"about":[{"href":"https:\/\/benigal.eu\/index.php\/wp-json\/wp\/v2\/types\/product"}],"wp:featuredmedia":[{"embeddable":true,"href":"https:\/\/benigal.eu\/index.php\/wp-json\/wp\/v2\/media\/2826"}],"wp:attachment":[{"href":"https:\/\/benigal.eu\/index.php\/wp-json\/wp\/v2\/media?parent=2825"}],"wp:term":[{"taxonomy":"product_cat","embeddable":true,"href":"https:\/\/benigal.eu\/index.php\/wp-json\/wp\/v2\/product_cat?post=2825"},{"taxonomy":"product_tag","embeddable":true,"href":"https:\/\/benigal.eu\/index.php\/wp-json\/wp\/v2\/product_tag?post=2825"}],"curies":[{"name":"wp","href":"https:\/\/api.w.org\/{rel}","templated":true}]}}