{"id":2842,"date":"2024-10-23T11:50:48","date_gmt":"2024-10-23T11:50:48","guid":{"rendered":"https:\/\/benigal.eu\/?post_type=product&#038;p=2842"},"modified":"2024-10-23T11:50:48","modified_gmt":"2024-10-23T11:50:48","slug":"caixa-de-correios-arregui-d-2151","status":"publish","type":"product","link":"https:\/\/benigal.eu\/index.php\/product\/caixa-de-correios-arregui-d-2151\/","title":{"rendered":"Caixa de Correios Arregui D-2151"},"content":{"rendered":"<p>Caixa de correio com a frente feita de alum\u00ednio, muito leve e muito dur\u00e1vel.<\/p>\n<p>A tampa traseira \u00e9 de a\u00e7o galvanizado. \u00c9 uma caixa de correio de alta resist\u00eancia \u00e0s intemp\u00e9ries e \u00e0 corros\u00e3o.<\/p>\n<p>Estilo cl\u00e1ssico e imponente que nunca sai de moda.<\/p>\n<p>Para correio DIN A4 e revistas, cabem na vertical revistas, cat\u00e1logos e folhas A4 sem dobrar.<\/p>\n<p>Confort\u00e1vel: a boca e a fechadura est\u00e3o na frente, facilmente acess\u00edveis. A tampa da boca possui uma mola que a mant\u00e9m sempre fechada.<br \/>\nF\u00e1cil de instalar: fornecido com parafusos para instala\u00e7\u00e3o na parede ou na parede e com um conjunto de 2 chaves. Os orif\u00edcios j\u00e1 v\u00eam perfurados na parte posterior.<\/p>\n","protected":false},"excerpt":{"rendered":"<p>Caixa de correio individual de alum\u00ednio de estilo cl\u00e1ssico, tamanho M (DIN A4), preto<\/p>\n","protected":false},"featured_media":2848,"template":"","meta":[],"product_cat":[15,62],"product_tag":[],"jetpack_sharing_enabled":true,"_links":{"self":[{"href":"https:\/\/benigal.eu\/index.php\/wp-json\/wp\/v2\/product\/2842"}],"collection":[{"href":"https:\/\/benigal.eu\/index.php\/wp-json\/wp\/v2\/product"}],"about":[{"href":"https:\/\/benigal.eu\/index.php\/wp-json\/wp\/v2\/types\/product"}],"wp:featuredmedia":[{"embeddable":true,"href":"https:\/\/benigal.eu\/index.php\/wp-json\/wp\/v2\/media\/2848"}],"wp:attachment":[{"href":"https:\/\/benigal.eu\/index.php\/wp-json\/wp\/v2\/media?parent=2842"}],"wp:term":[{"taxonomy":"product_cat","embeddable":true,"href":"https:\/\/benigal.eu\/index.php\/wp-json\/wp\/v2\/product_cat?post=2842"},{"taxonomy":"product_tag","embeddable":true,"href":"https:\/\/benigal.eu\/index.php\/wp-json\/wp\/v2\/product_tag?post=2842"}],"curies":[{"name":"wp","href":"https:\/\/api.w.org\/{rel}","templated":true}]}}