{"id":2858,"date":"2024-10-24T09:45:39","date_gmt":"2024-10-24T09:45:39","guid":{"rendered":"https:\/\/benigal.eu\/?post_type=product&#038;p=2858"},"modified":"2025-09-19T16:40:51","modified_gmt":"2025-09-19T16:40:51","slug":"oleo-essencial-citronela-naissance-30-ml","status":"publish","type":"product","link":"https:\/\/benigal.eu\/index.php\/product\/oleo-essencial-citronela-naissance-30-ml\/","title":{"rendered":"\u00d3leo Essencial Citronela Naissance 30 ml"},"content":{"rendered":"<p>Derivado da folha de uma erva alta nativa da \u00c1sia, o \u00f3leo essencial de Citronela tem um aroma puro e fresco. \u00c9 o companheiro ideal para acampar, fazer caminhadas e para qualquer outro lugar que v\u00e1 para experienciar os encantos da natureza. Aplicado topicamente, pode ser suaviza-te para a pele e para o couro cabeludo e, gra\u00e7as aos seus n\u00edveis de citronela, tamb\u00e9m pode ajudar a promover uma pele limpa.<\/p>\n<p>UTILIZA\u00c7\u00d5ES<br \/>\n\u2022 Utilize no champ\u00f4 e no condicionador para estimular a limpeza.<br \/>\n\u2022 Se for acampar, pulverize o \u00f3leo de Citronela em toda a tenda, especialmente na entrada.<br \/>\n\u2022 Leve o \u00f3leo de Citronela consigo no seu pr\u00f3ximo evento ao ar e aplique na pele conforme necess\u00e1rio.<\/p>\n","protected":false},"excerpt":{"rendered":"<p>\u00d3leo Essencial de Citronela &#8211; 30 ml &#8211; 100 % Natural &#8211; Vegan<\/p>\n","protected":false},"featured_media":2859,"template":"","meta":[],"product_cat":[63],"product_tag":[],"jetpack_sharing_enabled":true,"_links":{"self":[{"href":"https:\/\/benigal.eu\/index.php\/wp-json\/wp\/v2\/product\/2858"}],"collection":[{"href":"https:\/\/benigal.eu\/index.php\/wp-json\/wp\/v2\/product"}],"about":[{"href":"https:\/\/benigal.eu\/index.php\/wp-json\/wp\/v2\/types\/product"}],"wp:featuredmedia":[{"embeddable":true,"href":"https:\/\/benigal.eu\/index.php\/wp-json\/wp\/v2\/media\/2859"}],"wp:attachment":[{"href":"https:\/\/benigal.eu\/index.php\/wp-json\/wp\/v2\/media?parent=2858"}],"wp:term":[{"taxonomy":"product_cat","embeddable":true,"href":"https:\/\/benigal.eu\/index.php\/wp-json\/wp\/v2\/product_cat?post=2858"},{"taxonomy":"product_tag","embeddable":true,"href":"https:\/\/benigal.eu\/index.php\/wp-json\/wp\/v2\/product_tag?post=2858"}],"curies":[{"name":"wp","href":"https:\/\/api.w.org\/{rel}","templated":true}]}}