{"id":606,"date":"2023-09-09T12:22:20","date_gmt":"2023-09-09T12:22:20","guid":{"rendered":"https:\/\/benigal.eu\/?post_type=product&#038;p=606"},"modified":"2024-10-29T11:48:14","modified_gmt":"2024-10-29T11:48:14","slug":"star-wars-disney-baby-yoda-the-child-mandalorian","status":"publish","type":"product","link":"https:\/\/benigal.eu\/index.php\/product\/star-wars-disney-baby-yoda-the-child-mandalorian\/","title":{"rendered":"Star Wars Disney Baby Yoda The Child Mandalorian"},"content":{"rendered":"<p style=\"text-align: left\">Figura de a\u00e7\u00e3o de16,5 cm: Esta figura de crian\u00e7a de tamanho grande permite que crian\u00e7as a partir de 4 anos se divirtam com este ador\u00e1vel brinquedo articulado Star Wars.<\/p>\n<p style=\"text-align: left\">Apar\u00eancia aut\u00eantica inspirada na serie de Disney+ \u00e9 fiel \u00e0 do personagem favorito da s\u00e9rie Disney Plus The Mandalorian.<\/p>\n<p style=\"text-align: left\">Figura de a\u00e7\u00e3o articulada: Esta figura de a\u00e7\u00e3o de Star Wars de 16,5 cm apresenta v\u00e1rios pontos de articula\u00e7\u00e3o para que meninos e meninas possam posicionar a figura da crian\u00e7a em poses ador\u00e1veis \u200b\u200be imaginar todos os tipos de aventuras.<\/p>\n<p>N\u00famero do modelo \u200eF11165L1<\/p>\n","protected":false},"excerpt":{"rendered":"<p>Star Wars &#8211; A figura infantil de 16,5 cm, multicolor<\/p>\n","protected":false},"featured_media":607,"template":"","meta":[],"product_cat":[60,56],"product_tag":[65],"jetpack_sharing_enabled":true,"_links":{"self":[{"href":"https:\/\/benigal.eu\/index.php\/wp-json\/wp\/v2\/product\/606"}],"collection":[{"href":"https:\/\/benigal.eu\/index.php\/wp-json\/wp\/v2\/product"}],"about":[{"href":"https:\/\/benigal.eu\/index.php\/wp-json\/wp\/v2\/types\/product"}],"wp:featuredmedia":[{"embeddable":true,"href":"https:\/\/benigal.eu\/index.php\/wp-json\/wp\/v2\/media\/607"}],"wp:attachment":[{"href":"https:\/\/benigal.eu\/index.php\/wp-json\/wp\/v2\/media?parent=606"}],"wp:term":[{"taxonomy":"product_cat","embeddable":true,"href":"https:\/\/benigal.eu\/index.php\/wp-json\/wp\/v2\/product_cat?post=606"},{"taxonomy":"product_tag","embeddable":true,"href":"https:\/\/benigal.eu\/index.php\/wp-json\/wp\/v2\/product_tag?post=606"}],"curies":[{"name":"wp","href":"https:\/\/api.w.org\/{rel}","templated":true}]}}