{"id":614,"date":"2023-09-09T12:43:49","date_gmt":"2023-09-09T12:43:49","guid":{"rendered":"https:\/\/benigal.eu\/?post_type=product&#038;p=614"},"modified":"2024-04-09T14:39:50","modified_gmt":"2024-04-09T14:39:50","slug":"comedouro-automatico-para-aquarios-digital-usb-lcd-zacro","status":"publish","type":"product","link":"https:\/\/benigal.eu\/index.php\/product\/comedouro-automatico-para-aquarios-digital-usb-lcd-zacro\/","title":{"rendered":"Comedouro autom\u00e1tico para aqu\u00e1rios Digital, USB &#8211; LCD Zacro"},"content":{"rendered":"<p><span style=\"color: #002f34\"><span style=\"font-family: Geomanist, Arial, sans-serif\"><span style=\"font-size: small\">Zacro alimentador de peixes autom\u00e1ticos, digital alimentador de peixes com carregador USB, ecr\u00e3 LCD, serve para \u2264 24 mm aqu\u00e1rio, peixe, dispensador de comida para peixes.<\/span><\/span><\/span><\/p>\n<p><span style=\"color: #002f34\"><span style=\"font-family: Geomanist, Arial, sans-serif\"><span style=\"font-size: small\">Carregamento USB de alta qualidade, o alimentador de peixes n\u00e3o requer baterias para sempre, \u00e9 bom para efici\u00eancia energ\u00e9tica e prote\u00e7\u00e3o ambiental.<\/span><\/span><\/span> <span style=\"color: #002f34\"><span style=\"font-family: Geomanist, Arial, sans-serif\"><span style=\"font-size: small\">Comedouro de peixes funciona com bateria de l\u00edtio de alta capacidade, pode ser carregado ou descarregado 800 vezes. <\/span><\/span><\/span><\/p>\n<p><span style=\"color: #002f34\"><span style=\"font-family: Geomanist, Arial, sans-serif\"><span style=\"font-size: small\">Devido \u00e0s configura\u00e7\u00f5es de alimenta\u00e7\u00e3o, costuma usar por 3 a 6 meses com uma \u00fanica carga.<\/span><\/span><\/span> <span style=\"color: #002f34\"><span style=\"font-family: Geomanist, Arial, sans-serif\"><span style=\"font-size: small\">200 ml grande capacidade cubo de alimentos, adequado para variedades de alimentos para peixes.<\/span><\/span><\/span><\/p>\n<p><span style=\"color: #002f34\"><span style=\"font-family: Geomanist, Arial, sans-serif\"><span style=\"font-size: small\">A sala de jantar pode definir 4 vezes por dia para alimentar, alimentar 1-3 vezes cada vez feeding. Ao mesmo tempo, tamb\u00e9m pode alimentar manualmente e aproveitar a divers\u00e3o de alimentar.<\/span><\/span><\/span> <span style=\"color: #002f34\"><span style=\"font-family: Geomanist, Arial, sans-serif\"><span style=\"font-size: small\">Para 600 L (158 gal\u00f5es) EUA \/ 131 litros do Reino Unido) aqu\u00e1rio. <\/span><\/span><\/span><\/p>\n<p><span style=\"color: #002f34\"><span style=\"font-family: Geomanist, Arial, sans-serif\"><span style=\"font-size: small\">O alimentador pode alimentar perfeitamente peixes coloridos e tartarugas nos fins de semana ou feriados.<\/span><\/span><\/span><\/p>\n","protected":false},"excerpt":{"rendered":"<p>Zacro alimentador autom\u00e1tico de peixes <span style=\"color: #002f34\"><span style=\"font-family: Geomanist, Arial, sans-serif\"><span style=\"font-size: small\">USB, ecr\u00e3 LCD<\/span><\/span><\/span><\/p>\n","protected":false},"featured_media":615,"template":"","meta":[],"product_cat":[57],"product_tag":[65],"jetpack_sharing_enabled":true,"_links":{"self":[{"href":"https:\/\/benigal.eu\/index.php\/wp-json\/wp\/v2\/product\/614"}],"collection":[{"href":"https:\/\/benigal.eu\/index.php\/wp-json\/wp\/v2\/product"}],"about":[{"href":"https:\/\/benigal.eu\/index.php\/wp-json\/wp\/v2\/types\/product"}],"wp:featuredmedia":[{"embeddable":true,"href":"https:\/\/benigal.eu\/index.php\/wp-json\/wp\/v2\/media\/615"}],"wp:attachment":[{"href":"https:\/\/benigal.eu\/index.php\/wp-json\/wp\/v2\/media?parent=614"}],"wp:term":[{"taxonomy":"product_cat","embeddable":true,"href":"https:\/\/benigal.eu\/index.php\/wp-json\/wp\/v2\/product_cat?post=614"},{"taxonomy":"product_tag","embeddable":true,"href":"https:\/\/benigal.eu\/index.php\/wp-json\/wp\/v2\/product_tag?post=614"}],"curies":[{"name":"wp","href":"https:\/\/api.w.org\/{rel}","templated":true}]}}