{"id":665,"date":"2023-09-09T17:06:26","date_gmt":"2023-09-09T17:06:26","guid":{"rendered":"https:\/\/benigal.eu\/?post_type=product&#038;p=665"},"modified":"2023-09-19T09:25:38","modified_gmt":"2023-09-19T09:25:38","slug":"protetor-de-colchao-berco-impermeavel-e-transpiravel","status":"publish","type":"product","link":"https:\/\/benigal.eu\/index.php\/product\/protetor-de-colchao-berco-impermeavel-e-transpiravel\/","title":{"rendered":"Protetor de colch\u00e3o ber\u00e7o Imperme\u00e1vel Transpir\u00e1vel"},"content":{"rendered":"<p>Protetor de Colch\u00e3o para Ber\u00e7o 60&#215;120 cm Imperme\u00e1vel e Transpir\u00e1vel com 15 anos de garantia.<\/p>\n<p>Profundidade m\u00e1xima 28 cm, com 4 cantos el\u00e1sticos.<\/p>\n<p>\u00c9 \u00e0 prova d&#8217;\u00e1gua e afasta umidade, poeira, manchas de suor, urina e outros l\u00edquidos: Mantenha um colch\u00e3o saud\u00e1vel por muito tempo e obtenha economia em longo prazo.<\/p>\n<p>O protetor do colch\u00e3o foi pensada para facilitar a sua vida, por isso pode ser lavada na m\u00e1quina at\u00e9 60\u00baC e pode ser tombada a baixa temperatura: perfeita para crian\u00e7as, fam\u00edlias, animais, pais, pessoas com incontin\u00eancia e para os pequenos problemas do dia a dia.<\/p>\n","protected":false},"excerpt":{"rendered":"<p>Protetor de Colch\u00e3o para Ber\u00e7o 60&#215;120 cm Imperme\u00e1vel e Transpir\u00e1vel com 15 anos de garantia.<\/p>\n","protected":false},"featured_media":669,"template":"","meta":[],"product_cat":[60,62],"product_tag":[65],"jetpack_sharing_enabled":true,"_links":{"self":[{"href":"https:\/\/benigal.eu\/index.php\/wp-json\/wp\/v2\/product\/665"}],"collection":[{"href":"https:\/\/benigal.eu\/index.php\/wp-json\/wp\/v2\/product"}],"about":[{"href":"https:\/\/benigal.eu\/index.php\/wp-json\/wp\/v2\/types\/product"}],"wp:featuredmedia":[{"embeddable":true,"href":"https:\/\/benigal.eu\/index.php\/wp-json\/wp\/v2\/media\/669"}],"wp:attachment":[{"href":"https:\/\/benigal.eu\/index.php\/wp-json\/wp\/v2\/media?parent=665"}],"wp:term":[{"taxonomy":"product_cat","embeddable":true,"href":"https:\/\/benigal.eu\/index.php\/wp-json\/wp\/v2\/product_cat?post=665"},{"taxonomy":"product_tag","embeddable":true,"href":"https:\/\/benigal.eu\/index.php\/wp-json\/wp\/v2\/product_tag?post=665"}],"curies":[{"name":"wp","href":"https:\/\/api.w.org\/{rel}","templated":true}]}}