{"id":695,"date":"2023-09-09T18:06:26","date_gmt":"2023-09-09T18:06:26","guid":{"rendered":"https:\/\/benigal.eu\/?post_type=product&#038;p=695"},"modified":"2024-10-24T09:42:59","modified_gmt":"2024-10-24T09:42:59","slug":"oleo-essencial-de-patchouli-50-ml-naissance","status":"publish","type":"product","link":"https:\/\/benigal.eu\/index.php\/product\/oleo-essencial-de-patchouli-50-ml-naissance\/","title":{"rendered":"\u00d3leo Essencial Patchouli Naissance 50 ml"},"content":{"rendered":"<p>O \u00f3leo essencial de Patchouli \u00e9 100% puro e natural. Sua composi\u00e7\u00e3o \u00e9 livre de conservantes, parabenos, sulfatos, corantes, silicone e ess\u00eancias artificiais.<\/p>\n<p>Al\u00e9m de ser um produto vegano, livre de testes em animais e de ingredientes de origem animal.<\/p>\n<p>Frasco de vidro \u00e2mbar com gotejador contendo 50 ml de \u00f3leo essencial<\/p>\n","protected":false},"excerpt":{"rendered":"<p>\u00d3leo Essencial de Patchouli 50 Ml Naissance<\/p>\n","protected":false},"featured_media":696,"template":"","meta":[],"product_cat":[63],"product_tag":[],"jetpack_sharing_enabled":true,"_links":{"self":[{"href":"https:\/\/benigal.eu\/index.php\/wp-json\/wp\/v2\/product\/695"}],"collection":[{"href":"https:\/\/benigal.eu\/index.php\/wp-json\/wp\/v2\/product"}],"about":[{"href":"https:\/\/benigal.eu\/index.php\/wp-json\/wp\/v2\/types\/product"}],"wp:featuredmedia":[{"embeddable":true,"href":"https:\/\/benigal.eu\/index.php\/wp-json\/wp\/v2\/media\/696"}],"wp:attachment":[{"href":"https:\/\/benigal.eu\/index.php\/wp-json\/wp\/v2\/media?parent=695"}],"wp:term":[{"taxonomy":"product_cat","embeddable":true,"href":"https:\/\/benigal.eu\/index.php\/wp-json\/wp\/v2\/product_cat?post=695"},{"taxonomy":"product_tag","embeddable":true,"href":"https:\/\/benigal.eu\/index.php\/wp-json\/wp\/v2\/product_tag?post=695"}],"curies":[{"name":"wp","href":"https:\/\/api.w.org\/{rel}","templated":true}]}}